{"id":6132,"date":"2022-12-09T10:30:09","date_gmt":"2022-12-09T10:30:09","guid":{"rendered":"https:\/\/innovacio.bme.hu\/?page_id=6132"},"modified":"2023-04-03T07:25:15","modified_gmt":"2023-04-03T07:25:15","slug":"viztudomanyi-es-vizbiztonsagi-nemzeti-laboratorium","status":"publish","type":"page","link":"https:\/\/innovacio.bme.hu\/en\/viztudomanyi-es-vizbiztonsagi-nemzeti-laboratorium\/","title":{"rendered":"V\u00edztudom\u00e1nyi \u00e9s V\u00edzbiztons\u00e1gi Nemzeti Laborat\u00f3rium"},"content":{"rendered":"<div data-elementor-type=\"wp-page\" data-elementor-id=\"6132\" class=\"elementor elementor-6132\" data-elementor-post-type=\"page\">\n\t\t\t\t\t\t<section class=\"elementor-section elementor-top-section elementor-element elementor-element-ad0b7a4 elementor-section-boxed elementor-section-height-default elementor-section-height-default\" data-id=\"ad0b7a4\" data-element_type=\"section\" data-e-type=\"section\">\n\t\t\t\t\t\t<div class=\"elementor-container elementor-column-gap-default\">\n\t\t\t\t\t<div class=\"elementor-column elementor-col-33 elementor-top-column elementor-element elementor-element-d212460\" data-fullscreen-column-settings=\"{&quot;fullscreen&quot;:&quot;&quot;}\" data-id=\"d212460\" data-element_type=\"column\" data-e-type=\"column\">\n\t\t\t<div class=\"elementor-widget-wrap elementor-element-populated\">\n\t\t\t\t\t\t<div class=\"elementor-element elementor-element-63dc243 elementor-widget elementor-widget-image\" data-id=\"63dc243\" data-element_type=\"widget\" data-e-type=\"widget\" data-widget_type=\"image.default\">\n\t\t\t\t<div class=\"elementor-widget-container\">\n\t\t\t\t\t\t\t\t\t\t\t\t\t\t\t<img alt=\"\" fetchpriority=\"high\" decoding=\"async\" width=\"605\" height=\"172\" src=\"https:\/\/innovacio.bme.hu\/wp-content\/uploads\/2022\/11\/rrf_tamogatoi_logo.jpg\" class=\"attachment-full size-full wp-image-5975\" srcset=\"https:\/\/innovacio.bme.hu\/wp-content\/uploads\/2022\/11\/rrf_tamogatoi_logo.jpg 605w, https:\/\/innovacio.bme.hu\/wp-content\/uploads\/2022\/11\/rrf_tamogatoi_logo-300x85.jpg 300w, https:\/\/innovacio.bme.hu\/wp-content\/uploads\/2022\/11\/rrf_tamogatoi_logo-200x57.jpg 200w\" sizes=\"(max-width: 605px) 100vw, 605px\" \/>\t\t\t\t\t\t\t\t\t\t\t\t\t\t\t<\/div>\n\t\t\t\t<\/div>\n\t\t\t\t\t<\/div>\n\t\t<\/div>\n\t\t\t\t<div class=\"elementor-column elementor-col-33 elementor-top-column elementor-element elementor-element-4a4275f\" data-fullscreen-column-settings=\"{&quot;fullscreen&quot;:&quot;&quot;}\" data-id=\"4a4275f\" data-element_type=\"column\" data-e-type=\"column\">\n\t\t\t<div class=\"elementor-widget-wrap\">\n\t\t\t\t\t\t\t<\/div>\n\t\t<\/div>\n\t\t\t\t<div class=\"elementor-column elementor-col-33 elementor-top-column elementor-element elementor-element-e12d279\" data-fullscreen-column-settings=\"{&quot;fullscreen&quot;:&quot;&quot;}\" data-id=\"e12d279\" data-element_type=\"column\" data-e-type=\"column\">\n\t\t\t<div class=\"elementor-widget-wrap elementor-element-populated\">\n\t\t\t\t\t\t<div class=\"elementor-element elementor-element-ca1a74c elementor-widget elementor-widget-image\" data-id=\"ca1a74c\" data-element_type=\"widget\" data-e-type=\"widget\" data-widget_type=\"image.default\">\n\t\t\t\t<div class=\"elementor-widget-container\">\n\t\t\t\t\t\t\t\t\t\t\t\t\t\t\t<img alt=\"\" decoding=\"async\" width=\"200\" height=\"147\" src=\"https:\/\/innovacio.bme.hu\/wp-content\/uploads\/2022\/07\/Nevtelen-terv-1.jpg\" class=\"attachment-large size-large wp-image-5361\" \/>\t\t\t\t\t\t\t\t\t\t\t\t\t\t\t<\/div>\n\t\t\t\t<\/div>\n\t\t\t\t\t<\/div>\n\t\t<\/div>\n\t\t\t\t\t<\/div>\n\t\t<\/section>\n\t\t\t\t<section class=\"elementor-section elementor-top-section elementor-element elementor-element-5765780 elementor-section-boxed elementor-section-height-default elementor-section-height-default\" data-id=\"5765780\" data-element_type=\"section\" data-e-type=\"section\">\n\t\t\t\t\t\t<div class=\"elementor-container elementor-column-gap-default\">\n\t\t\t\t\t<div class=\"elementor-column elementor-col-100 elementor-top-column elementor-element elementor-element-5840392\" data-fullscreen-column-settings=\"{&quot;fullscreen&quot;:&quot;&quot;}\" data-id=\"5840392\" data-element_type=\"column\" data-e-type=\"column\">\n\t\t\t<div class=\"elementor-widget-wrap elementor-element-populated\">\n\t\t\t\t\t\t<div class=\"elementor-element elementor-element-7ebd6ae elementor-widget elementor-widget-litho-drop-cap\" data-id=\"7ebd6ae\" data-element_type=\"widget\" data-e-type=\"widget\" data-widget_type=\"litho-drop-cap.default\">\n\t\t\t\t<div class=\"elementor-widget-container\">\n\t\t\t\t\t\t\t\t<div class=\"elementor-text-editor elementor-clearfix\"><p><span style=\"text-decoration: underline\"><strong>Projekt c\u00edme:<\/strong><\/span> V\u00edztudom\u00e1nyi \u00e9s V\u00edzbiztons\u00e1gi Nemzeti Laborat\u00f3rium<\/p><p><span style=\"text-decoration: underline\"><strong>Projekt azonos\u00edt\u00f3ja<\/strong>:<\/span> RRF-2.3.1-21-2022-00008<\/p><p><span style=\"text-decoration: underline\"><strong>A projekt megval\u00f3s\u00edt\u00e1s\u00e1nak kezdete:<\/strong><\/span> 2022.06.01.<\/p><p><span style=\"text-decoration: underline\"><strong>A projekt fizikai befejez\u00e9s\u00e9nek hat\u00e1rideje:<\/strong><\/span> 2026.02.28.<\/p><p><span style=\"text-decoration: underline\"><strong>A projekt \u00f6sszk\u00f6lts\u00e9ge:<\/strong><\/span> 8\u00a0000\u00a0000\u00a0000 Ft<\/p><p><span style=\"text-decoration: underline\"><strong>Budapesti M\u0171szaki \u00e9s Gazdas\u00e1gtudom\u00e1nyi Egyetem k\u00f6lts\u00e9gvet\u00e9se:<\/strong><\/span> 1 484\u00a0000\u00a0000 Ft<\/p><p><span style=\"text-decoration: underline\"><strong>A t\u00e1mogat\u00e1s m\u00e9rt\u00e9ke:<\/strong><\/span> 100%<\/p><p><span style=\"text-decoration: underline\"><strong>Konzorciumvezet\u0151:<\/strong><\/span> Pannon Egyetem<\/p><p><span style=\"text-decoration: underline\"><strong>Konzorciumi partnerek:<\/strong><\/span> Budapesti M\u0171szaki \u00e9s Gazdas\u00e1gtudom\u00e1nyi Egyetem, Nemzeti K\u00f6zszolg\u00e1lati Egyetem, Debreceni Egyetem, Miskolci Egyetem, Balatoni Limnol\u00f3giai Kutat\u00f3int\u00e9zet, Agr\u00e1rtudom\u00e1nyi Kutat\u00f3k\u00f6zpont, Orsz\u00e1gos Meteorol\u00f3giai Szolg\u00e1lat, Sz\u00e9chenyi Istv\u00e1n Egyetem, Orsz\u00e1gos V\u00edz\u00fcgyi F\u0151igazgat\u00f3s\u00e1g, \u00d6kol\u00f3giai Kutat\u00f3k\u00f6zpont<\/p><p><span style=\"text-decoration: underline\"><strong>A projekt c\u00e9lja:<\/strong><\/span> A fenntarthat\u00f3 fejl\u0151d\u00e9s egyik c\u00e9lja a fenntarthat\u00f3 v\u00edzgazd\u00e1lkod\u00e1s biztos\u00edt\u00e1sa, amelyhez interdiszciplin\u00e1ris \u00e9s holisztikus megk\u00f6zel\u00edt\u00e9sre van sz\u00fcks\u00e9g. A Nemzeti Laborat\u00f3rium (NL) f\u0151 c\u00e9lja, hogy a v\u00edzfoly\u00e1sokkal \u00e9s \u00e1ll\u00f3vizekkel egyen\u00e9rt\u00e9k\u0171en, azokkal \u00f6sszekapcsolva tervezz\u00fck megl\u00e9v\u0151 tud\u00e1sunk interdiszciplin\u00e1ris, \u00faj kompetenci\u00e1kat eredm\u00e9nyez\u0151 b\u0151v\u00edt\u00e9s\u00e9t a felsz\u00edn alatti v\u00edzk\u00e9szletek, a ter\u00fcleti, mez\u0151gazdas\u00e1gi v\u00edzgazd\u00e1lkod\u00e1s biztons\u00e1ga, a v\u00e1rosi v\u00edzgazd\u00e1lkod\u00e1s \u201eokoss\u00e1\u201d t\u00e9tele, valamint a v\u00edz- \u00e9s szennyv\u00edztiszt\u00edt\u00e1s korszer\u0171s\u00edt\u00e9se tekintet\u00e9ben.<\/p><p>Az \u00e9ghajlatv\u00e1ltoz\u00e1s \u00e9s a t\u00e1rsadalmi-gazdas\u00e1gi fejl\u0151d\u00e9s vesz\u00e9lyezteti az \u00f6kosziszt\u00e9ma szolg\u00e1ltat\u00e1sait \u00e9s infrastrukt\u00far\u00e1j\u00e1t (iv\u00f3v\u00edzell\u00e1t\u00e1s, szennyv\u00edzelvezet\u00e9s, az \u00f6nt\u00f6z\u00e9s fenntarthat\u00f3s\u00e1ga, a belv\u00edzi haj\u00f3z\u00e1s, a term\u00e9szetes vizek alkalmass\u00e1ga stb.), m\u00edg a NL jav\u00edtja a t\u00e1rsadalmi fenntarthat\u00f3s\u00e1got \u00e9s ellen\u00e1ll\u00f3 k\u00e9pess\u00e9get a v\u00edzbiztons\u00e1g fokoz\u00e1s\u00e1val, a s\u00e9r\u00fcl\u00e9kenys\u00e9g cs\u00f6kkent\u00e9s\u00e9vel \u00e9s a v\u00edzzel (sz\u00e1razs\u00e1ggal \u00e9s \u00e1rv\u00edzzel) kapcsolatos kock\u00e1zatok cs\u00f6kkent\u00e9s\u00e9vel.<\/p><p>R\u00f6vid t\u00e1von a t\u00e1rsadalom sz\u00e1m\u00e1ra ny\u00fajtott el\u0151ny\u00f6k a jobb v\u00edzbiztons\u00e1gi strat\u00e9gi\u00e1ban \u00e9s a t\u00e1rsadalmi ellen\u00e1ll\u00f3 k\u00e9pess\u00e9gben mutatkoznak meg. Hossz\u00fa t\u00e1von tudom\u00e1nyos h\u00e1tt\u00e9rint\u00e9zetet hozunk l\u00e9tre a magyar v\u00edzgazd\u00e1lkod\u00e1s sz\u00e1m\u00e1ra \u00e9s a t\u00f6bbi orsz\u00e1ghoz alkalmazkod\u00f3, \u00f6sszetett v\u00edzgazd\u00e1lkod\u00e1si elj\u00e1r\u00e1sokat fejleszt\u00fcnk ki.<\/p><p><span style=\"text-decoration: underline\"><strong>A projekt szakmai tartalma:<\/strong><\/span> Magyarorsz\u00e1g elhelyezked\u00e9s\u00e9t \u00e9s v\u00edzgazd\u00e1lkod\u00e1s\u00e1t, v\u00edzk\u00e9szlet\u00e9t figyelembe v\u00e9ve olyan v\u00edztudom\u00e1nyi \u00e9s v\u00edzbiztons\u00e1gi k\u00e9rd\u00e9seket k\u00edv\u00e1nunk jelen kutat\u00e1sainkkal megval\u00f3s\u00edtani, melyek hozz\u00e1j\u00e1rulnak a v\u00edzmin\u0151s\u00e9g v\u00e9delm\u00e9hez. Kutat\u00e1si tev\u00e9kenys\u00e9geinket 6 f\u0151 pill\u00e9r ment\u00e9n k\u00edv\u00e1njuk v\u00e9ghez vinni, \u00e9rintve a foly\u00f3k, tavak, felsz\u00edn alatti vizek, csapad\u00e9kv\u00edz, v\u00e1rosi gazd\u00e1lkod\u00e1s \u00e9s a v\u00edzgy\u0171jt\u0151gazd\u00e1lkod\u00e1s k\u00e9rd\u00e9seit. A f\u0151 pill\u00e9rek tov\u00e1bbi alprojektekre lettek osztva, \u00edgy \u00f6sszesen 40 alprojekt megval\u00f3s\u00edt\u00e1s\u00e1t tervezz\u00fck.<\/p><p><span style=\"text-decoration: underline\"><strong>A fejleszt\u00e9s t\u00e1rgya:<\/strong><\/span><\/p><ol><li>pill\u00e9r: Foly\u00f3k \u00e9s \u00e1rterek<br \/>Intelligens m\u00f3dszereket dolgozunk ki az extr\u00e9m hidrol\u00f3giai k\u00f6r\u00fclm\u00e9nyek hat\u00e1sainak felt\u00e1r\u00e1s\u00e1ra, a biol\u00f3giai sokf\u00e9les\u00e9get \u00e9rint\u0151 term\u00e9steres \u00e9s antropog\u00e9n k\u00f6rnyezeti hat\u00e1sok sz\u00e1mszer\u0171s\u00edt\u00e9s\u00e9re. Vizsg\u00e1ljuk a mikrom\u0171anyagok v\u00edzfoly\u00e1sokban val\u00f3 v\u00e1ndorl\u00e1s\u00e1nak saj\u00e1toss\u00e1gait, transzportfolyamatokat a k\u00fcl\u00f6nb\u00f6z\u0151 m\u00e9lys\u00e9gekben, a v\u00e1ndorl\u00e1s m\u00f3dj\u00e1t, a v\u00edzoszlopban val\u00f3 megjelen\u00e9s\u00e9t, anyagi \u00e9s alaki \u00f6sszet\u00e9tel\u00fcket. Folyami \u00e9l\u0151helyek hidrodinamikai, morfodinamikai \u00e9s \u00f6kol\u00f3giai folyamatainak felt\u00e1r\u00e1s\u00e1t. Vizsg\u00e1ljuk az \u00e9l\u0151l\u00e9ny-k\u00f6z\u00f6ss\u00e9gek sokf\u00e9les\u00e9g\u00e9t \u00e9s k\u00f6z\u00f6ss\u00e9g-szervez\u0151d\u00e9s\u00e9t meghat\u00e1roz\u00f3 hidrodinamikai \u00e9s medermorfol\u00f3giai t\u00e9nyez\u0151k szerep\u00e9t a Dun\u00e1ban \u00e9s kisebb v\u00edzfoly\u00e1sokban. Vizsg\u00e1ljuk az \u00e1raml\u00e1si- \u00e9s hordal\u00e9kv\u00e1ndorl\u00e1si folyamatokat, mint abiotikus jellemz\u0151k \u00e9s biol\u00f3giai jellemz\u0151k (pl. makrofitonok viselked\u00e9se) k\u00f6z\u00f6tti kapcsolatot. Alkalmazott kutat\u00e1st v\u00e9gz\u00fcnk a hidrol\u00f3gia \u00e9s v\u00edzgazd\u00e1lkod\u00e1s ter\u00fclet\u00e9n: (i) \u00e9ghajlati \u00e9s v\u00edzgazd\u00e1lkod\u00e1si forgat\u00f3k\u00f6nyvek megalkot\u00e1sa, (ii) folyamat-alap\u00fa hidrol\u00f3giai modellez\u00e9s a Duna teljes Magyarorsz\u00e1gt\u00f3l \u00e9szakra \u00e9s magyarorsz\u00e1gi v\u00edzgy\u0171jt\u0151j\u00e9re az (i)-es pont alapj\u00e1n, (iii) hidraulikai modellez\u00e9s a magyarorsz\u00e1gi szakaszra a (ii)-es pont alapj\u00e1n.<\/li><li>pill\u00e9r: Nagy, sek\u00e9ly tavak<br \/>Mesters\u00e9ges intelligencia (AI) alap\u00fa monitoring rendszert fejleszt\u00fcnk ki a nagy tavak (pl. Balaton) sz\u00e1m\u00e1ra, kl\u00edmamodell alap\u00fa v\u00edzm\u00e9rleg-el\u0151rejelz\u00e9st k\u00e9sz\u00edt\u00fcnk, megvizsg\u00e1ljuk az invaz\u00edv \u00e1llatfajok t\u00e9rbeli \u00e9s id\u0151beli dinamik\u00e1j\u00e1t \u00fajszer\u0171 (genetikai, k\u00f6rnyezeti DNS) m\u00f3dszerekkel, meghat\u00e1rozzuk a fitoplankton dinamik\u00e1j\u00e1t befoly\u00e1sol\u00f3 kulcst\u00e9nyez\u0151ket SmartWise szenzorok alkalmaz\u00e1s\u00e1val \u00e9s az algavir\u00e1gz\u00e1s korai el\u0151rejelz\u0151 m\u00f3dszer\u00e9t. Vizsg\u00e1ljuk a Balatonon i) a v\u00edz \u00e9s az \u00fcled\u00e9k t\u00e1panyagforgalm\u00e1t \u00e9s az \u00fcled\u00e9kfelsz\u00ednen a l\u00e9gz\u00e9s\/oxig\u00e9n termel\u00e9s ar\u00e1ny\u00e1t (amely az \u00fcled\u00e9k P lead\u00e1s\u00e1t \u00e9s ez\u00e1ltal az alga t\u00f6megprodukci\u00f3k nagys\u00e1g\u00e1t befoly\u00e1solja), ii) a plankton foszfor\u00e1llapot\u00e1t, iii) a szervetlen t\u00e1panyagok\u00e9rt konkur\u00e1l\u00f3 heterotr\u00f3f bakt\u00e9riumokat, iv) az alg\u00e1kat fogyaszt\u00f3 zooplankton szervezeteket v) az oldott szerves sz\u00e9n terhel\u00e9s biol\u00f3giai hozz\u00e1f\u00e9rhet\u0151s\u00e9g\u00e9t \u00e9s az vi) az alg\u00e1k \u00e1ltal termelt szerves anyag hasznosul\u00e1s\u00e1t a t\u00e1pl\u00e1l\u00e9kh\u00e1l\u00f3zatban.<\/li><li>pill\u00e9r: Felsz\u00edn alatti v\u00edzgazd\u00e1lkod\u00e1s<br \/>Megvizsg\u00e1ljuk a felsz\u00edn alatti v\u00edzgazd\u00e1lkod\u00e1s szerep\u00e9t az \u00e9ghajlatv\u00e1ltoz\u00e1shoz val\u00f3 alkalmazkod\u00e1s ter\u00e9n, \u00faj koncepci\u00f3kat dolgozunk ki a sek\u00e9ly \u00e9s m\u00e9ly talajv\u00edzforr\u00e1sokb\u00f3l sz\u00e1rmaz\u00f3 mez\u0151gazdas\u00e1gi v\u00edzig\u00e9ny kiel\u00e9g\u00edt\u00e9s\u00e9re, a v\u00e1rosi hidrogeol\u00f3gia \u00faj hat\u00e1rainak felt\u00e1r\u00e1s\u00e1ra. Karsztv\u00edz k\u00e9szletekkel kapcsolatos v\u00edzgazd\u00e1lkod\u00e1si kih\u00edv\u00e1sok innovat\u00edv kezel\u00e9s\u00e9t c\u00e9lozzuk meg, illetve \u00fajszer\u0171 monitoring rendszert fejleszt\u00fcnk. Tov\u00e1bb\u00e1 a felsz\u00edn alatti v\u00edzk\u00e9szlet v\u00e1ltoz\u00e1sainak vizsg\u00e1lat\u00e1t kutatjuk a fenntarthat\u00f3 v\u00edzgazd\u00e1lkod\u00e1s \u00e9rdek\u00e9ben.<\/li><li>pill\u00e9r: Region\u00e1lis \u00e9s mez\u0151gazdas\u00e1gi v\u00edzgazd\u00e1lkod\u00e1s<br \/>\u00dajszer\u0171, innovat\u00edv m\u00f3dszereket fejleszt\u00fcnk ki az asz\u00e1ly, az \u00f6nt\u00f6z\u00e9s \u00e9s a melior\u00e1ci\u00f3 kezel\u00e9s\u00e9re a v\u00edzell\u00e1t\u00e1si \u00e9s t\u00e1rol\u00e1si kapacit\u00e1s n\u00f6vel\u00e9se, a v\u00edzgy\u0171jt\u0151k \u00e9ghajlatv\u00e1ltoz\u00e1ssal szembeni ellen\u00e1ll\u00f3 k\u00e9pess\u00e9g\u00e9nek jav\u00edt\u00e1sa \u00e9rdek\u00e9ben. A v\u00e1rosi csapad\u00e9kv\u00edz-elvezet\u0151 rendszerek \u00e9s a belv\u00edz-elvezet\u0151 h\u00e1l\u00f3zat \u00f6sszekapcsol\u00e1sa oly m\u00f3don, hogy az lehet\u0151v\u00e9 tegye a v\u00e1rosok ter\u00fclet\u00e9r\u0151l elfoly\u00f3, egy\u00e9bk\u00e9nt a gyors levezet\u00e9s sors\u00e1ra jut\u00f3, vizek visszatart\u00e1s\u00e1t, hasznosul\u00e1s\u00e1t (a felsz\u00edn alatti vizek d\u00fas\u00edt\u00e1sa, \u00f6kol\u00f3giai v\u00edzig\u00e9nyek kiel\u00e9g\u00edt\u00e9se, \u00f6nt\u00f6z\u00e9s), oly m\u00f3don, hogy a belter\u00fcleteken ne alakuljon ki el\u00f6nt\u00e9s, k\u00fclter\u00fcleteken pedig az el\u0151\u00edrt t\u0171r\u00e9si id\u0151n bel\u00fcl levezethet\u0151 legyen a keletkez\u0151 v\u00edzmennyis\u00e9g.<\/li><li>pill\u00e9r: V\u00e1rosi v\u00edzgazd\u00e1lkod\u00e1s \u00e9s szennyv\u00edzelvezet\u00e9s<br \/>Kidolgozunk egy nagy felbont\u00e1s\u00fa, 5G alap\u00fa csapad\u00e9kfigyel\u0151 rendszert a v\u00e1rosi k\u00f6rnyezet sz\u00e1m\u00e1ra, az iv\u00f3v\u00edzell\u00e1t\u00f3 h\u00e1l\u00f3zatot lefed\u0151 v\u00edzmin\u0151s\u00e9g-ellen\u0151rz\u0151 rendszert, biol\u00f3giai szennyv\u00edzkezel\u00e9si (WWT) folyamatok ellen\u0151rz\u00e9s\u00e9re szolg\u00e1l\u00f3 hidrodinamikai modelleket k\u00e9sz\u00edt\u00fcnk. A kulcsfontoss\u00e1g\u00fa felsz\u00edni el\u00f6nt\u00e9sek (urban flood) hidrodinamikai modellez\u00e9se, el\u0151rejelz\u00e9se t\u00f6rt\u00e9nik. Az iv\u00f3v\u00edzben el\u0151fordul\u00f3 klor\u00e1t-ionok \u00e9s \u00f3lom mennyis\u00e9gi vizsg\u00e1lata.<\/li><li>pill\u00e9r: V\u00edzgy\u0171jt\u0151-gazd\u00e1lkod\u00e1s<br \/>Egy \u00e1ltal\u00e1nos monitoring rendszert dolgozunk ki, amely el\u0151seg\u00edti az EU VKI int\u00e9zked\u00e9seinek v\u00e9grehajt\u00e1s\u00e1t, bele\u00e9rtve a genomika alap\u00fa min\u0151s\u00e9g\u00e9rt\u00e9kel\u00e9si rendszert. A hazai vizeinkben el\u0151fordul\u00f3 szennyez\u0151anyagok felt\u00e9rk\u00e9pez\u00e9se az els\u0151bbs\u00e9gi anyagokra vonatkoz\u00f3an hi\u00e1nyos, melynek p\u00f3tl\u00e1s\u00e1hoz a projekt jelent\u0151s m\u00e9rt\u00e9kben hozz\u00e1j\u00e1rul. Tov\u00e1bb\u00e1 a nemzetk\u00f6zi adatb\u00e1zishoz val\u00f3 csatlakoz\u00e1ssal kieg\u00e9sz\u00edt\u00e9sre ker\u00fclhet az eur\u00f3pai adatb\u00e1zis.<\/li><\/ol><p><span style=\"text-decoration: underline\"><strong>Tov\u00e1bbi inform\u00e1ci\u00f3k:<\/strong><\/span><\/p><ul><li><span style=\"text-decoration: underline\"><strong><a href=\"https:\/\/ecolres.hu\/nemzeti-laborok\/viztudomanyi-es-vizbiztonsagi-nemzeti-laboratorium\/\">https:\/\/ecolres.hu\/nemzeti-laborok\/viztudomanyi-es-vizbiztonsagi-nemzeti-laboratorium\/<\/a><\/strong><\/span><\/li><li><span style=\"text-decoration: underline\"><strong><a href=\"https:\/\/vtk.uni-nke.hu\/projektek\/viztudomanyi-es-vizbiztonsagi-nemzeti-labor-rrf-231-21-2022-00008\/projekt-bemutatasa\">https:\/\/vtk.uni-nke.hu\/projektek\/viztudomanyi-es-vizbiztonsagi-nemzeti-labor-rrf-231-21-2022-00008\/projekt-bemutatasa<\/a><\/strong><\/span><\/li><\/ul><\/div> \t\t\t\t\t\t\t<\/div>\n\t\t\t\t<\/div>\n\t\t\t\t\t<\/div>\n\t\t<\/div>\n\t\t\t\t\t<\/div>\n\t\t<\/section>\n\t\t\t\t<section class=\"elementor-section elementor-top-section elementor-element elementor-element-8c62b8e elementor-section-boxed elementor-section-height-default elementor-section-height-default\" data-id=\"8c62b8e\" data-element_type=\"section\" data-e-type=\"section\">\n\t\t\t\t\t\t<div class=\"elementor-container elementor-column-gap-default\">\n\t\t\t\t\t<div class=\"elementor-column elementor-col-33 elementor-top-column elementor-element elementor-element-bf570df\" data-fullscreen-column-settings=\"{&quot;fullscreen&quot;:&quot;&quot;}\" data-id=\"bf570df\" data-element_type=\"column\" data-e-type=\"column\">\n\t\t\t<div class=\"elementor-widget-wrap\">\n\t\t\t\t\t\t\t<\/div>\n\t\t<\/div>\n\t\t\t\t<div class=\"elementor-column elementor-col-33 elementor-top-column elementor-element elementor-element-f8c3b59\" data-fullscreen-column-settings=\"{&quot;fullscreen&quot;:&quot;&quot;}\" data-id=\"f8c3b59\" data-element_type=\"column\" data-e-type=\"column\">\n\t\t\t<div class=\"elementor-widget-wrap elementor-element-populated\">\n\t\t\t\t\t\t<div class=\"elementor-element elementor-element-6065b24 elementor-widget elementor-widget-video\" data-id=\"6065b24\" data-element_type=\"widget\" data-e-type=\"widget\" data-settings=\"{&quot;youtube_url&quot;:&quot;https:\\\/\\\/www.youtube.com\\\/watch?v=VDLMJEcHu6A&amp;t=1s&quot;,&quot;video_type&quot;:&quot;youtube&quot;,&quot;controls&quot;:&quot;yes&quot;}\" data-widget_type=\"video.default\">\n\t\t\t\t<div class=\"elementor-widget-container\">\n\t\t\t\t\t\t\t<div class=\"elementor-wrapper elementor-open-inline\">\n\t\t\t<div class=\"elementor-video\"><\/div>\t\t<\/div>\n\t\t\t\t\t\t<\/div>\n\t\t\t\t<\/div>\n\t\t\t\t\t<\/div>\n\t\t<\/div>\n\t\t\t\t<div class=\"elementor-column elementor-col-33 elementor-top-column elementor-element elementor-element-6143e9f\" data-fullscreen-column-settings=\"{&quot;fullscreen&quot;:&quot;&quot;}\" data-id=\"6143e9f\" data-element_type=\"column\" data-e-type=\"column\">\n\t\t\t<div class=\"elementor-widget-wrap\">\n\t\t\t\t\t\t\t<\/div>\n\t\t<\/div>\n\t\t\t\t\t<\/div>\n\t\t<\/section>\n\t\t\t\t<\/div>","protected":false},"excerpt":{"rendered":"<p>Projekt c\u00edme: V\u00edztudom\u00e1nyi \u00e9s V\u00edzbiztons\u00e1gi Nemzeti Laborat\u00f3rium Projekt azonos\u00edt\u00f3ja: RRF-2.3.1-21-2022-00008 A projekt megval\u00f3s\u00edt\u00e1s\u00e1nak kezdete: 2022.06.01. A projekt fizikai befejez\u00e9s\u00e9nek hat\u00e1rideje: 2026.02.28. A projekt \u00f6sszk\u00f6lts\u00e9ge: 8\u00a0000\u00a0000\u00a0000 Ft Budapesti M\u0171szaki \u00e9s Gazdas\u00e1gtudom\u00e1nyi Egyetem k\u00f6lts\u00e9gvet\u00e9se: 1 484\u00a0000\u00a0000 Ft A t\u00e1mogat\u00e1s m\u00e9rt\u00e9ke: 100% Konzorciumvezet\u0151: Pannon Egyetem Konzorciumi partnerek: Budapesti M\u0171szaki \u00e9s Gazdas\u00e1gtudom\u00e1nyi Egyetem, Nemzeti K\u00f6zszolg\u00e1lati Egyetem, Debreceni Egyetem, Miskolci&hellip; <a class=\"continue\" href=\"https:\/\/innovacio.bme.hu\/en\/viztudomanyi-es-vizbiztonsagi-nemzeti-laboratorium\/\">Continue Reading<span> V\u00edztudom\u00e1nyi \u00e9s V\u00edzbiztons\u00e1gi Nemzeti Laborat\u00f3rium<\/span><\/a><\/p>","protected":false},"author":1,"featured_media":0,"parent":0,"menu_order":0,"comment_status":"closed","ping_status":"closed","template":"elementor_header_footer","meta":{"_seopress_robots_primary_cat":"","_seopress_titles_title":"","_seopress_titles_desc":"","_seopress_robots_index":"","_monsterinsights_skip_tracking":false,"_monsterinsights_sitenote_active":false,"_monsterinsights_sitenote_note":"","_monsterinsights_sitenote_category":0,"footnotes":""},"class_list":["post-6132","page","type-page","status-publish","hentry"],"_links":{"self":[{"href":"https:\/\/innovacio.bme.hu\/en\/wp-json\/wp\/v2\/pages\/6132","targetHints":{"allow":["GET"]}}],"collection":[{"href":"https:\/\/innovacio.bme.hu\/en\/wp-json\/wp\/v2\/pages"}],"about":[{"href":"https:\/\/innovacio.bme.hu\/en\/wp-json\/wp\/v2\/types\/page"}],"author":[{"embeddable":true,"href":"https:\/\/innovacio.bme.hu\/en\/wp-json\/wp\/v2\/users\/1"}],"replies":[{"embeddable":true,"href":"https:\/\/innovacio.bme.hu\/en\/wp-json\/wp\/v2\/comments?post=6132"}],"version-history":[{"count":25,"href":"https:\/\/innovacio.bme.hu\/en\/wp-json\/wp\/v2\/pages\/6132\/revisions"}],"predecessor-version":[{"id":6564,"href":"https:\/\/innovacio.bme.hu\/en\/wp-json\/wp\/v2\/pages\/6132\/revisions\/6564"}],"wp:attachment":[{"href":"https:\/\/innovacio.bme.hu\/en\/wp-json\/wp\/v2\/media?parent=6132"}],"curies":[{"name":"wp","href":"https:\/\/api.w.org\/{rel}","templated":true}]}}