{"id":6241,"date":"2023-02-02T12:36:10","date_gmt":"2023-02-02T12:36:10","guid":{"rendered":"https:\/\/innovacio.bme.hu\/?page_id=6241"},"modified":"2026-01-28T08:10:49","modified_gmt":"2026-01-28T08:10:49","slug":"mesterseges-intelligencia-nemzeti-laboratorium","status":"publish","type":"page","link":"https:\/\/innovacio.bme.hu\/en\/mesterseges-intelligencia-nemzeti-laboratorium\/","title":{"rendered":"Mesters\u00e9ges Intelligencia Nemzeti Laborat\u00f3rium"},"content":{"rendered":"<div data-elementor-type=\"wp-page\" data-elementor-id=\"6241\" class=\"elementor elementor-6241\" data-elementor-post-type=\"page\">\n\t\t\t\t\t\t<section class=\"elementor-section elementor-top-section elementor-element elementor-element-79be073 elementor-section-boxed elementor-section-height-default elementor-section-height-default\" data-id=\"79be073\" data-element_type=\"section\" data-e-type=\"section\">\n\t\t\t\t\t\t<div class=\"elementor-container elementor-column-gap-default\">\n\t\t\t\t\t<div class=\"elementor-column elementor-col-33 elementor-top-column elementor-element elementor-element-cfa20e4\" data-fullscreen-column-settings=\"{&quot;fullscreen&quot;:&quot;&quot;}\" data-id=\"cfa20e4\" data-element_type=\"column\" data-e-type=\"column\">\n\t\t\t<div class=\"elementor-widget-wrap elementor-element-populated\">\n\t\t\t\t\t\t<div class=\"elementor-element elementor-element-7001f18 elementor-widget elementor-widget-image\" data-id=\"7001f18\" data-element_type=\"widget\" data-e-type=\"widget\" data-widget_type=\"image.default\">\n\t\t\t\t<div class=\"elementor-widget-container\">\n\t\t\t\t\t\t\t\t\t\t\t\t\t\t\t<img alt=\"\" fetchpriority=\"high\" decoding=\"async\" width=\"1081\" height=\"326\" src=\"https:\/\/innovacio.bme.hu\/wp-content\/uploads\/2026\/01\/RRF-kedvezmenyezetti-infoblokk-keretes.jpg\" class=\"attachment-full size-full wp-image-8359\" srcset=\"https:\/\/innovacio.bme.hu\/wp-content\/uploads\/2026\/01\/RRF-kedvezmenyezetti-infoblokk-keretes.jpg 1081w, https:\/\/innovacio.bme.hu\/wp-content\/uploads\/2026\/01\/RRF-kedvezmenyezetti-infoblokk-keretes-300x90.jpg 300w, https:\/\/innovacio.bme.hu\/wp-content\/uploads\/2026\/01\/RRF-kedvezmenyezetti-infoblokk-keretes-1024x309.jpg 1024w, https:\/\/innovacio.bme.hu\/wp-content\/uploads\/2026\/01\/RRF-kedvezmenyezetti-infoblokk-keretes-768x232.jpg 768w, https:\/\/innovacio.bme.hu\/wp-content\/uploads\/2026\/01\/RRF-kedvezmenyezetti-infoblokk-keretes-18x5.jpg 18w, https:\/\/innovacio.bme.hu\/wp-content\/uploads\/2026\/01\/RRF-kedvezmenyezetti-infoblokk-keretes-200x60.jpg 200w\" sizes=\"(max-width: 1081px) 100vw, 1081px\" \/>\t\t\t\t\t\t\t\t\t\t\t\t\t\t\t<\/div>\n\t\t\t\t<\/div>\n\t\t\t\t\t<\/div>\n\t\t<\/div>\n\t\t\t\t<div class=\"elementor-column elementor-col-33 elementor-top-column elementor-element elementor-element-2900f32\" data-fullscreen-column-settings=\"{&quot;fullscreen&quot;:&quot;&quot;}\" data-id=\"2900f32\" data-element_type=\"column\" data-e-type=\"column\">\n\t\t\t<div class=\"elementor-widget-wrap\">\n\t\t\t\t\t\t\t<\/div>\n\t\t<\/div>\n\t\t\t\t<div class=\"elementor-column elementor-col-33 elementor-top-column elementor-element elementor-element-7dc14a4\" data-fullscreen-column-settings=\"{&quot;fullscreen&quot;:&quot;&quot;}\" data-id=\"7dc14a4\" data-element_type=\"column\" data-e-type=\"column\">\n\t\t\t<div class=\"elementor-widget-wrap elementor-element-populated\">\n\t\t\t\t\t\t<div class=\"elementor-element elementor-element-b5d8cbc elementor-widget elementor-widget-image\" data-id=\"b5d8cbc\" data-element_type=\"widget\" data-e-type=\"widget\" data-widget_type=\"image.default\">\n\t\t\t\t<div class=\"elementor-widget-container\">\n\t\t\t\t\t\t\t\t\t\t\t\t\t\t\t<img alt=\"\" decoding=\"async\" width=\"200\" height=\"147\" src=\"https:\/\/innovacio.bme.hu\/wp-content\/uploads\/2022\/07\/Nevtelen-terv-1.jpg\" class=\"attachment-large size-large wp-image-5361\" \/>\t\t\t\t\t\t\t\t\t\t\t\t\t\t\t<\/div>\n\t\t\t\t<\/div>\n\t\t\t\t\t<\/div>\n\t\t<\/div>\n\t\t\t\t\t<\/div>\n\t\t<\/section>\n\t\t\t\t<section class=\"elementor-section elementor-top-section elementor-element elementor-element-9841fd2 elementor-section-boxed elementor-section-height-default elementor-section-height-default\" data-id=\"9841fd2\" data-element_type=\"section\" data-e-type=\"section\">\n\t\t\t\t\t\t<div class=\"elementor-container elementor-column-gap-default\">\n\t\t\t\t\t<div class=\"elementor-column elementor-col-100 elementor-top-column elementor-element elementor-element-76fd16a\" data-fullscreen-column-settings=\"{&quot;fullscreen&quot;:&quot;&quot;}\" data-id=\"76fd16a\" data-element_type=\"column\" data-e-type=\"column\">\n\t\t\t<div class=\"elementor-widget-wrap elementor-element-populated\">\n\t\t\t\t\t\t<div class=\"elementor-element elementor-element-864404d elementor-widget elementor-widget-litho-drop-cap\" data-id=\"864404d\" data-element_type=\"widget\" data-e-type=\"widget\" data-widget_type=\"litho-drop-cap.default\">\n\t\t\t\t<div class=\"elementor-widget-container\">\n\t\t\t\t\t\t\t\t<div class=\"elementor-text-editor elementor-clearfix\"><p><strong>A projekt c\u00edme:<\/strong>&nbsp;Mesters\u00e9ges Intelligencia Nemzeti Laborat\u00f3rium l\u00e9trehoz\u00e1sa \u00e9s komplex fejleszt\u00e9se (MILAB)<\/p>\n<p><strong>A projekt azonos\u00edt\u00f3 sz\u00e1ma:<\/strong>&nbsp;RRF-2.3.1-21-2022-00004<\/p>\n<p><strong>A projekt megval\u00f3s\u00edt\u00e1s id\u0151szaka:<\/strong> 2021.09.20. &#8211; 2026.02.28.<\/p>\n<p><strong>A szerz\u0151d\u00f6tt t\u00e1mogat\u00e1s \u00f6sszege:<\/strong>&nbsp;9 439 666 600 Ft<\/p>\n<p><strong>A t\u00e1mogat\u00e1s m\u00e9rt\u00e9ke (%-ban):<\/strong>&nbsp;100%<\/p>\n<p><strong>A Budapesti M\u0171szaki \u00e9s Gazdas\u00e1gtudom\u00e1nyi Egyetem k\u00f6lts\u00e9gvet\u00e9se: <\/strong>1 021 600&nbsp;000 Ft<\/p>\n<p><strong>A (f\u0151)kedvezm\u00e9nyezett neve:<\/strong>&nbsp;Sz\u00e1m\u00edt\u00e1stechnikai \u00e9s Automatiz\u00e1l\u00e1si Kutat\u00f3int\u00e9zet<\/p>\n<p><strong>Konzorciumi tagok:<\/strong><\/p>\n<ul>\n<li>HUN-REN R\u00e9nyi Alfr\u00e9d Matematikai Kutat\u00f3int\u00e9zet<\/li>\n<li>Budapesti M\u0171szaki \u00e9s Gazdas\u00e1gtudom\u00e1nyi Egyetem<\/li>\n<li>E\u00f6tv\u00f6s Lor\u00e1nd Tudom\u00e1nyegyetem<\/li>\n<li>Szegedi Tudom\u00e1nyegyetem<\/li>\n<li>Semmelweis Egyetem<\/li>\n<li>HUN-REN K\u00eds\u00e9rleti Orvostudom\u00e1nyi Kutat\u00f3int\u00e9zet<\/li>\n<li>ELTE T\u00e1rsadalomtudom\u00e1nyi Kutat\u00f3k\u00f6zpont<\/li>\n<li>Sz\u00e9chenyi Istv\u00e1n Egyetem<\/li>\n<li>Nemzetbiztons\u00e1gi Szakszolg\u00e1lat<\/li>\n<li>KINCSINFO Nonprofit Kft.<\/li>\n<li>P\u00e1zm\u00e1ny P\u00e9ter Katolikus Egyetem<\/li>\n<\/ul>\n<p><strong>Szakmai vezet\u0151:<\/strong>&nbsp;Levendovszky J\u00e1nos (BME)<\/p>\n<p><strong>A projekt tartalm\u00e1nak bemutat\u00e1sa: <\/strong><\/p>\n<p>A Mesters\u00e9ges Intelligencia Nemzeti Laborat\u00f3rium (MILAB) c\u00e9lja Magyarorsz\u00e1g szerep\u00e9nek meger\u0151s\u00edt\u00e9se a MI ter\u00fclet\u00e9n. Az MI Nemzetk\u00f6zi \u00e9s hazai k\u00f6rnyezet\u00e9t jellemzi a k\u00fcl\u00f6nlegesen \u00e9les verseny a szakemberek\u00e9rt, a diszrupci\u00f3s lehet\u0151s\u00e9gek, valamint a gyors piacra viteli id\u0151. Az Eur\u00f3pai uni\u00f3 komoly er\u0151fesz\u00edt\u00e9seket tesz a felz\u00e1rk\u00f3z\u00e1sra az USA-beli \u00e9s k\u00ednai fejleszt\u00e9si k\u00e9pess\u00e9gekkel. A mesters\u00e9ges intelligencia hazai kutat\u00e1s\u00e1t \u00e9veken \u00e1t sz\u00e9tapr\u00f3zotts\u00e1g, verseng\u00e9s \u00e9s k\u00fcl\u00f6n\u00e1ll\u00e1s jellemezte. Az alkalmaz\u00e1s-specifikus nagy \u00edv\u0171 programokba illeszked\u0151 forr\u00e1sok hazai \u00e9s nemzetk\u00f6zi \u00e9rv\u00e9nyes\u00fcl\u00e9s\u00e9hez sz\u00fcks\u00e9ges volt az egys\u00e9ges mesters\u00e9ges intelligencia erny\u0151. T\u00f6bb egyetemnek\/kutat\u00f3helynek j\u00f3 kapcsolata van az \u00fczleti alkalmaz\u00f3kkal, a technol\u00f3giai innov\u00e1ci\u00f3 befogad\u00e1s\u00e1hoz azonban t\u00e1rsadalmi innov\u00e1ci\u00f3 is sz\u00fcks\u00e9ges. Sz\u00e1nd\u00e9kaink szerint a hazai kutat\u00e1st n\u00e9h\u00e1ny, jelenleg is kiemelten m\u0171velt t\u00e9ma (pl. eg\u00e9szs\u00e9g\u00fcgyi k\u00e9pfeldolgoz\u00e1s, k\u00f6zleked\u00e9s, gy\u00e1rt\u00e1s, logisztika) \u00e9s nemzetk\u00f6zileg kiemelked\u0151 matematikus \u00e9s fizikus kutat\u00f3ink (gr\u00e1felm\u00e9let, h\u00e1l\u00f3zatkutat\u00e1s) b\u00e1zis\u00e1ra \u00e9p\u00edtj\u00fck. A fentiekkel \u00f6sszhangban a MILAB v\u00edzi\u00f3ja egy gazdas\u00e1gilag er\u0151s a vil\u00e1g \u00e9lvonal\u00e1ba tartoz\u00f3 k\u00e9pess\u00e9gekkel rendelkez\u0151 Magyarorsz\u00e1g az MI ter\u00fclet\u00e9n. A projekt 11 int\u00e9zm\u00e9ny egy\u00fcttm\u0171k\u00f6d\u00e9s\u00e9ben val\u00f3sul meg, Budapest, Szeged, \u00e9s Gy\u0151r telephelyekkel. A<strong> BME feladata a konzorciumban, az alkalmazott kutat\u00e1si projektek vezet\u00e9se t\u00f6bbek k\u00f6z\u00f6tt a gy\u00e1rt\u00e1s, logisztika, t\u00e1vk\u00f6zl\u00e9s, inform\u00e1ci\u00f3-biztons\u00e1g \u00e9s a szoftvertechnol\u00f3gia ter\u00fcletein, valamint ipari \u00e9s nemzetk\u00f6zi kapcsolatok \u00e9p\u00edt\u00e9se.<\/strong><\/p>\n<p>Tov\u00e1bbi tartalom az al\u00e1bbi <a href=\"https:\/\/mi.nemzetilabor.hu\/hu?fbclid=IwAR3EyqPP5z48oGwBuatOaLlHe-uoNS_PGXGg6Ida5dHN2rmkBk9YpdwjEF8\"><span style=\"text-decoration: underline\"><strong>linken <\/strong><\/span><\/a>el\u00e9rhet\u0151.<\/p><\/div> \t\t\t\t\t\t\t<\/div>\n\t\t\t\t<\/div>\n\t\t\t\t\t<\/div>\n\t\t<\/div>\n\t\t\t\t\t<\/div>\n\t\t<\/section>\n\t\t\t\t<section class=\"elementor-section elementor-top-section elementor-element elementor-element-d13ee96 elementor-section-boxed elementor-section-height-default elementor-section-height-default\" data-id=\"d13ee96\" data-element_type=\"section\" data-e-type=\"section\">\n\t\t\t\t\t\t<div class=\"elementor-container elementor-column-gap-default\">\n\t\t\t\t\t<div class=\"elementor-column elementor-col-33 elementor-top-column elementor-element elementor-element-ab844f1\" data-fullscreen-column-settings=\"{&quot;fullscreen&quot;:&quot;&quot;}\" data-id=\"ab844f1\" data-element_type=\"column\" data-e-type=\"column\">\n\t\t\t<div class=\"elementor-widget-wrap\">\n\t\t\t\t\t\t\t<\/div>\n\t\t<\/div>\n\t\t\t\t<div class=\"elementor-column elementor-col-33 elementor-top-column elementor-element elementor-element-f41d2d1\" data-fullscreen-column-settings=\"{&quot;fullscreen&quot;:&quot;&quot;}\" data-id=\"f41d2d1\" data-element_type=\"column\" data-e-type=\"column\">\n\t\t\t<div class=\"elementor-widget-wrap elementor-element-populated\">\n\t\t\t\t\t\t<div class=\"elementor-element elementor-element-203846f elementor-widget elementor-widget-video\" data-id=\"203846f\" data-element_type=\"widget\" data-e-type=\"widget\" data-settings=\"{&quot;youtube_url&quot;:&quot;https:\\\/\\\/www.youtube.com\\\/watch?v=juugjXqkadc&quot;,&quot;video_type&quot;:&quot;youtube&quot;,&quot;controls&quot;:&quot;yes&quot;}\" data-widget_type=\"video.default\">\n\t\t\t\t<div class=\"elementor-widget-container\">\n\t\t\t\t\t\t\t<div class=\"elementor-wrapper elementor-open-inline\">\n\t\t\t<div class=\"elementor-video\"><\/div>\t\t<\/div>\n\t\t\t\t\t\t<\/div>\n\t\t\t\t<\/div>\n\t\t\t\t\t<\/div>\n\t\t<\/div>\n\t\t\t\t<div class=\"elementor-column elementor-col-33 elementor-top-column elementor-element elementor-element-deed0a1\" data-fullscreen-column-settings=\"{&quot;fullscreen&quot;:&quot;&quot;}\" data-id=\"deed0a1\" data-element_type=\"column\" data-e-type=\"column\">\n\t\t\t<div class=\"elementor-widget-wrap\">\n\t\t\t\t\t\t\t<\/div>\n\t\t<\/div>\n\t\t\t\t\t<\/div>\n\t\t<\/section>\n\t\t\t\t<section class=\"elementor-section elementor-top-section elementor-element elementor-element-9832265 elementor-section-full_width elementor-section-height-default elementor-section-height-default\" data-id=\"9832265\" data-element_type=\"section\" data-e-type=\"section\" data-settings=\"{&quot;background_background&quot;:&quot;classic&quot;}\">\n\t\t\t\t\t\t<div class=\"elementor-container elementor-column-gap-default\">\n\t\t\t\t\t<div class=\"elementor-column elementor-col-33 elementor-top-column elementor-element elementor-element-98f86e6\" data-fullscreen-column-settings=\"{&quot;fullscreen&quot;:&quot;&quot;}\" data-id=\"98f86e6\" data-element_type=\"column\" data-e-type=\"column\">\n\t\t\t<div class=\"elementor-widget-wrap elementor-element-populated\">\n\t\t\t\t\t\t<div class=\"elementor-element elementor-element-c7823f8 elementor-widget__width-initial elementor-widget-tablet__width-initial elementor-widget-mobile__width-initial elementor-view-default elementor-position-top elementor-vertical-align-top elementor-widget elementor-widget-litho-icon-box\" data-id=\"c7823f8\" data-element_type=\"widget\" data-e-type=\"widget\" data-widget_type=\"litho-icon-box.default\">\n\t\t\t\t<div class=\"elementor-widget-container\">\n\t\t\t\t\t\t\t\t<div class=\"elementor-icon-box-wrapper litho-icon-box-wrapper\">\n\t\t\t\t\t\t\t\t<div class=\"elementor-icon-box-icon\">\t\t\t\t\t<span class=\"elementor-icon elementor-animation-\" >\n\t\t\t\t\t\t<i aria-hidden=\"true\" class=\"line-icon-Geo2-Love\"><\/i>\t\t\t\t\t<\/span>\n\t\t\t\t<\/div>\n\t\t\t\t\t\t\t\t<div class=\"elementor-icon-box-content\">\n\t\t\t\t\t\t\t\t\t\t\t<span class=\"elementor-icon-box-title\"><span >BME FIEK<\/span>\n\t\t\t\t\t\t<\/span>\n\t\t\t\t\t\t\t\t\t\t<p class=\"elementor-icon-box-description\">BME Z \u00e9p\u00fclet 9.emelet. 908.<\/p>\n\t\t\t\t\t\t\t\t\t\t\t\t\t\t<\/div>\n\t\t\t<\/div>\n\t\t\t\t\t\t<\/div>\n\t\t\t\t<\/div>\n\t\t\t\t\t<\/div>\n\t\t<\/div>\n\t\t\t\t<div class=\"elementor-column elementor-col-33 elementor-top-column elementor-element elementor-element-d4f5691\" data-fullscreen-column-settings=\"{&quot;fullscreen&quot;:&quot;&quot;}\" data-id=\"d4f5691\" data-element_type=\"column\" data-e-type=\"column\">\n\t\t\t<div class=\"elementor-widget-wrap elementor-element-populated\">\n\t\t\t\t\t\t<div class=\"elementor-element elementor-element-aa93177 elementor-widget__width-initial elementor-widget-tablet__width-inherit elementor-view-default elementor-position-top elementor-vertical-align-top elementor-widget elementor-widget-litho-icon-box\" data-id=\"aa93177\" data-element_type=\"widget\" data-e-type=\"widget\" data-widget_type=\"litho-icon-box.default\">\n\t\t\t\t<div class=\"elementor-widget-container\">\n\t\t\t\t\t\t\t\t<div class=\"elementor-icon-box-wrapper litho-icon-box-wrapper\">\n\t\t\t\t\t\t\t\t<div class=\"elementor-icon-box-icon\">\t\t\t\t\t<span class=\"elementor-icon elementor-animation-\" >\n\t\t\t\t\t\t<i aria-hidden=\"true\" class=\"solid-icon-Phone-2\"><\/i>\t\t\t\t\t<\/span>\n\t\t\t\t<\/div>\n\t\t\t\t\t\t\t\t<div class=\"elementor-icon-box-content\">\n\t\t\t\t\t\t\t\t\t\t\t<span class=\"elementor-icon-box-title\"><span >TELEFONSZ\u00c1M<\/span>\n\t\t\t\t\t\t<\/span>\n\t\t\t\t\t\t\t\t\t\t<p class=\"elementor-icon-box-description\"><a href=\"tel:+3614631721\"><u>+36 1 463 1721<\/u><\/a><br><a href=\"tel:+3614631723\"><u>+36 1 463 1723<\/u><\/a><\/p>\n\t\t\t\t\t\t\t\t\t\t\t\t\t\t<\/div>\n\t\t\t<\/div>\n\t\t\t\t\t\t<\/div>\n\t\t\t\t<\/div>\n\t\t\t\t\t<\/div>\n\t\t<\/div>\n\t\t\t\t<div class=\"elementor-column elementor-col-33 elementor-top-column elementor-element elementor-element-9721e3d\" data-fullscreen-column-settings=\"{&quot;fullscreen&quot;:&quot;&quot;}\" data-id=\"9721e3d\" data-element_type=\"column\" data-e-type=\"column\">\n\t\t\t<div class=\"elementor-widget-wrap elementor-element-populated\">\n\t\t\t\t\t\t<div class=\"elementor-element elementor-element-f4b3ab9 elementor-widget__width-initial elementor-widget-tablet__width-inherit elementor-view-default elementor-position-top elementor-vertical-align-top elementor-widget elementor-widget-litho-icon-box\" data-id=\"f4b3ab9\" data-element_type=\"widget\" data-e-type=\"widget\" data-widget_type=\"litho-icon-box.default\">\n\t\t\t\t<div class=\"elementor-widget-container\">\n\t\t\t\t\t\t\t\t<div class=\"elementor-icon-box-wrapper litho-icon-box-wrapper\">\n\t\t\t\t\t\t\t\t<div class=\"elementor-icon-box-icon\">\t\t\t\t\t<span class=\"elementor-icon elementor-animation-\" >\n\t\t\t\t\t\t<i aria-hidden=\"true\" class=\"line-icon-Mail-Read\"><\/i>\t\t\t\t\t<\/span>\n\t\t\t\t<\/div>\n\t\t\t\t\t\t\t\t<div class=\"elementor-icon-box-content\">\n\t\t\t\t\t\t\t\t\t\t\t<span class=\"elementor-icon-box-title\"><span >E-MAIL<\/span>\n\t\t\t\t\t\t<\/span>\n\t\t\t\t\t\t\t\t\t\t<p class=\"elementor-icon-box-description\"><a href=\"mailto:info@yourdomain.com\" class=\"text-sky-blue-hover\">fiek@bme.hu<\/a><\/p>\n\t\t\t\t\t\t\t\t\t\t\t\t\t\t<\/div>\n\t\t\t<\/div>\n\t\t\t\t\t\t<\/div>\n\t\t\t\t<\/div>\n\t\t\t\t\t<\/div>\n\t\t<\/div>\n\t\t\t\t\t<\/div>\n\t\t<\/section>\n\t\t\t\t<\/div>","protected":false},"excerpt":{"rendered":"<p>A projekt c\u00edme:&nbsp;Mesters\u00e9ges Intelligencia Nemzeti Laborat\u00f3rium l\u00e9trehoz\u00e1sa \u00e9s komplex fejleszt\u00e9se (MILAB) A projekt azonos\u00edt\u00f3 sz\u00e1ma:&nbsp;RRF-2.3.1-21-2022-00004 A projekt megval\u00f3s\u00edt\u00e1s id\u0151szaka: 2021.09.20. &#8211; 2026.02.28. A szerz\u0151d\u00f6tt t\u00e1mogat\u00e1s \u00f6sszege:&nbsp;9 439 666 600 Ft A t\u00e1mogat\u00e1s m\u00e9rt\u00e9ke (%-ban):&nbsp;100% A Budapesti M\u0171szaki \u00e9s Gazdas\u00e1gtudom\u00e1nyi Egyetem k\u00f6lts\u00e9gvet\u00e9se: 1 021 600&nbsp;000 Ft A (f\u0151)kedvezm\u00e9nyezett neve:&nbsp;Sz\u00e1m\u00edt\u00e1stechnikai \u00e9s Automatiz\u00e1l\u00e1si Kutat\u00f3int\u00e9zet Konzorciumi tagok: HUN-REN R\u00e9nyi&hellip; <a class=\"continue\" href=\"https:\/\/innovacio.bme.hu\/en\/mesterseges-intelligencia-nemzeti-laboratorium\/\">Continue Reading<span> Mesters\u00e9ges Intelligencia Nemzeti Laborat\u00f3rium<\/span><\/a><\/p>","protected":false},"author":1,"featured_media":0,"parent":0,"menu_order":0,"comment_status":"closed","ping_status":"closed","template":"elementor_header_footer","meta":{"_seopress_robots_primary_cat":"","_seopress_titles_title":"","_seopress_titles_desc":"","_seopress_robots_index":"","_monsterinsights_skip_tracking":false,"_monsterinsights_sitenote_active":false,"_monsterinsights_sitenote_note":"","_monsterinsights_sitenote_category":0,"footnotes":""},"class_list":["post-6241","page","type-page","status-publish","hentry"],"_links":{"self":[{"href":"https:\/\/innovacio.bme.hu\/en\/wp-json\/wp\/v2\/pages\/6241","targetHints":{"allow":["GET"]}}],"collection":[{"href":"https:\/\/innovacio.bme.hu\/en\/wp-json\/wp\/v2\/pages"}],"about":[{"href":"https:\/\/innovacio.bme.hu\/en\/wp-json\/wp\/v2\/types\/page"}],"author":[{"embeddable":true,"href":"https:\/\/innovacio.bme.hu\/en\/wp-json\/wp\/v2\/users\/1"}],"replies":[{"embeddable":true,"href":"https:\/\/innovacio.bme.hu\/en\/wp-json\/wp\/v2\/comments?post=6241"}],"version-history":[{"count":28,"href":"https:\/\/innovacio.bme.hu\/en\/wp-json\/wp\/v2\/pages\/6241\/revisions"}],"predecessor-version":[{"id":8362,"href":"https:\/\/innovacio.bme.hu\/en\/wp-json\/wp\/v2\/pages\/6241\/revisions\/8362"}],"wp:attachment":[{"href":"https:\/\/innovacio.bme.hu\/en\/wp-json\/wp\/v2\/media?parent=6241"}],"curies":[{"name":"wp","href":"https:\/\/api.w.org\/{rel}","templated":true}]}}